{"id":5098,"date":"2020-05-11T11:09:38","date_gmt":"2020-05-11T11:09:38","guid":{"rendered":"http:\/\/fssl.ru\/?page_id=5098"},"modified":"2020-08-31T09:04:34","modified_gmt":"2020-08-31T09:04:34","slug":"upravlyaemye-kommutatory","status":"publish","type":"page","link":"http:\/\/fssl.ru\/index.php\/catalog\/sistemy-peredachi-dannyx\/comnet\/upravlyaemye-kommutatory\/","title":{"rendered":"\u0423\u043f\u0440\u0430\u0432\u043b\u044f\u0435\u043c\u044b\u0435 \u043a\u043e\u043c\u043c\u0443\u0442\u0430\u0442\u043e\u0440\u044b"},"content":{"rendered":"<table>\n<tbody>\n<tr>\n<td><img loading=\"lazy\" decoding=\"async\" class=\"aligncenter size-full wp-image-5110\" src=\"http:\/\/fssl.ru\/wp-content\/uploads\/cwfe8ms_din.png\" alt=\"cwfe8ms_din\" width=\"113\" height=\"150\" \/><\/td>\n<td style=\"text-align: left;\"><strong>\u041a\u043e\u043c\u043c\u0443\u0442\u0430\u0442\u043e\u0440 ComNet CWFE8MS\/DIN<\/strong><\/p>\n<p>&nbsp;<\/p>\n<p>Industrial Grade Managed Ethernet Switch with (8) 10\/100TX ports<\/td>\n<td><a href=\"\/wp-content\/docs\/cwfe8ms_dinen.pdf\"><img loading=\"lazy\" decoding=\"async\" class=\"aligncenter size-full wp-image-260\" src=\"http:\/\/fssl.ru\/wp-content\/uploads\/pdf1.jpg\" alt=\"pdf1\" width=\"20\" height=\"20\" \/><\/a><\/td>\n<\/tr>\n<tr>\n<td>\u00a0<img loading=\"lazy\" decoding=\"async\" class=\"aligncenter size-full wp-image-5108\" src=\"http:\/\/fssl.ru\/wp-content\/uploads\/cwfe8tx8ms1-150x41.png\" alt=\"cwfe8tx8ms1\" width=\"150\" height=\"41\" \/><\/td>\n<td style=\"text-align: left;\"><strong>\u041a\u043e\u043c\u043c\u0443\u0442\u0430\u0442\u043e\u0440 ComNet CWFE8TX8MS<\/strong><\/p>\n<p>&nbsp;<\/p>\n<p>Commercial Grade 8 Port Managed Ethernet Switch with (8) 10\/100TX Ports<\/td>\n<td>\u00a0<a href=\"\/wp-content\/docs\/cwfe8tx8msen.pdf\"><img loading=\"lazy\" decoding=\"async\" class=\"aligncenter size-full wp-image-260\" src=\"http:\/\/fssl.ru\/wp-content\/uploads\/pdf1.jpg\" alt=\"pdf1\" width=\"20\" height=\"20\" \/><\/a><\/td>\n<\/tr>\n<tr>\n<td>\u00a0<img loading=\"lazy\" decoding=\"async\" class=\"aligncenter size-full wp-image-5111\" src=\"http:\/\/fssl.ru\/wp-content\/uploads\/cwge24mod_8fxscm1.png\" alt=\"CWGE24MODMS\/Chassis\" width=\"150\" height=\"56\" \/><\/td>\n<td><strong>\u041a\u043e\u043c\u043c\u0443\u0442\u0430\u0442\u043e\u0440 ComNet CWGE24MODMS\/Chassis<\/strong><\/p>\n<p>&nbsp;<\/p>\n<p>Modular 24 Port Gigabit Managed Ethernet Switch<\/td>\n<td>\u00a0<a href=\"\/wp-content\/docs\/cwge24mod-8fxscm1en.pdf\"><img loading=\"lazy\" decoding=\"async\" class=\"aligncenter size-full wp-image-260\" src=\"http:\/\/fssl.ru\/wp-content\/uploads\/pdf1.jpg\" alt=\"pdf1\" width=\"20\" height=\"20\" \/><\/a><\/td>\n<\/tr>\n<tr>\n<td>\u00a0<img loading=\"lazy\" decoding=\"async\" class=\"aligncenter size-full wp-image-5111\" src=\"http:\/\/fssl.ru\/wp-content\/uploads\/cwge24mod_8fxscm1.png\" alt=\"CWGE24MOD\/8TX\" width=\"150\" height=\"56\" \/><\/td>\n<td><strong>\u041a\u043e\u043c\u043c\u0443\u0442\u0430\u0442\u043e\u0440 ComNet CWGE24MOD\/8TX<\/strong><\/p>\n<p>&nbsp;<\/p>\n<p>Modular 24 Port Gigabit Managed Ethernet Switch<\/td>\n<td>\u00a0<a href=\"\/wp-content\/docs\/cwge24mod-8fxscm1en.pdf\"><img loading=\"lazy\" decoding=\"async\" class=\"aligncenter size-full wp-image-260\" src=\"http:\/\/fssl.ru\/wp-content\/uploads\/pdf1.jpg\" alt=\"pdf1\" width=\"20\" height=\"20\" \/><\/a><\/td>\n<\/tr>\n<tr>\n<td>\u00a0<img loading=\"lazy\" decoding=\"async\" class=\"aligncenter size-full wp-image-5111\" src=\"http:\/\/fssl.ru\/wp-content\/uploads\/cwge24mod_8fxscm1.png\" alt=\"CWGE24MOD\/8FXSCM1\" width=\"150\" height=\"56\" \/><\/td>\n<td><strong>\u041a\u043e\u043c\u043c\u0443\u0442\u0430\u0442\u043e\u0440 ComNet CWGE24MOD\/8FXSCM1<\/strong><\/p>\n<p>&nbsp;<\/p>\n<p>Modular 24 Port Gigabit Managed Ethernet Switch<\/td>\n<td>\u00a0<a href=\"\/wp-content\/docs\/cwge24mod-8fxscm1en.pdf\"><img loading=\"lazy\" decoding=\"async\" class=\"aligncenter size-full wp-image-260\" src=\"http:\/\/fssl.ru\/wp-content\/uploads\/pdf1.jpg\" alt=\"pdf1\" width=\"20\" height=\"20\" \/><\/a><\/td>\n<\/tr>\n<tr>\n<td>\u00a0<img loading=\"lazy\" decoding=\"async\" class=\"aligncenter size-full wp-image-5111\" src=\"http:\/\/fssl.ru\/wp-content\/uploads\/cwge24mod_8fxscm1.png\" alt=\"CWGE24MOD\/8FXSCS1\" width=\"150\" height=\"56\" \/><\/td>\n<td><strong>\u041a\u043e\u043c\u043c\u0443\u0442\u0430\u0442\u043e\u0440 ComNet CWGE24MOD\/8FXSCS1<\/strong><\/p>\n<p>&nbsp;<\/p>\n<p>Modular 24 Port Gigabit Managed Ethernet Switch<\/td>\n<td>\u00a0<a href=\"\/wp-content\/docs\/cwge24mod-8fxscm1en.pdf\"><img loading=\"lazy\" decoding=\"async\" class=\"aligncenter size-full wp-image-260\" src=\"http:\/\/fssl.ru\/wp-content\/uploads\/pdf1.jpg\" alt=\"pdf1\" width=\"20\" height=\"20\" \/><\/a><\/td>\n<\/tr>\n<tr>\n<td>\u00a0<img loading=\"lazy\" decoding=\"async\" class=\"aligncenter size-full wp-image-5111\" src=\"http:\/\/fssl.ru\/wp-content\/uploads\/cwge24mod_8fxscm1.png\" alt=\"CWGE24MOD\/8FXSFP\" width=\"150\" height=\"56\" \/><\/td>\n<td><strong>\u041a\u043e\u043c\u043c\u0443\u0442\u0430\u0442\u043e\u0440 ComNet CWGE24MOD\/8FXSFP<\/strong><\/p>\n<p>&nbsp;<\/p>\n<p>Modular 24 Port Gigabit Managed Ethernet Switch<\/td>\n<td>\u00a0<a href=\"\/wp-content\/docs\/cwge24mod-8fxscm1en.pdf\"><img loading=\"lazy\" decoding=\"async\" class=\"aligncenter size-full wp-image-260\" src=\"http:\/\/fssl.ru\/wp-content\/uploads\/pdf1.jpg\" alt=\"pdf1\" width=\"20\" height=\"20\" \/><\/a><\/td>\n<\/tr>\n<tr>\n<td>\u00a0<img loading=\"lazy\" decoding=\"async\" class=\"aligncenter size-full wp-image-5111\" src=\"http:\/\/fssl.ru\/wp-content\/uploads\/cwge24mod_8fxscm1.png\" alt=\"CWGE24MOD\/8TX4SFP4\" width=\"150\" height=\"56\" \/><\/td>\n<td><strong>\u041a\u043e\u043c\u043c\u0443\u0442\u0430\u0442\u043e\u0440 ComNet CWGE24MOD\/8TX4SFP4<\/strong><\/p>\n<p>&nbsp;<\/p>\n<p>Modular 24 Port Gigabit Managed Ethernet Switch<\/td>\n<td>\u00a0<a href=\"\/wp-content\/docs\/cwge24mod-8fxscm1en.pdf\"><img loading=\"lazy\" decoding=\"async\" class=\"aligncenter size-full wp-image-260\" src=\"http:\/\/fssl.ru\/wp-content\/uploads\/pdf1.jpg\" alt=\"pdf1\" width=\"20\" height=\"20\" \/><\/a><\/td>\n<\/tr>\n<tr>\n<td>\u00a0<img loading=\"lazy\" decoding=\"async\" class=\"aligncenter size-full wp-image-5113\" src=\"http:\/\/fssl.ru\/wp-content\/uploads\/cwge24ms.png\" alt=\"cwge24ms\" width=\"150\" height=\"64\" \/><\/td>\n<td style=\"text-align: left;\"><strong>\u041a\u043e\u043c\u043c\u0443\u0442\u0430\u0442\u043e\u0440 ComNet CWGE24MS<\/strong><\/p>\n<p>&nbsp;<\/p>\n<p>Commercial Grade Managed Layer 2+ Ethernet Switch with 20 \u00d7 100\/1000Base-FX + 4 \u00d7 Gigabit Combo Ports<\/td>\n<td>\u00a0<a href=\"\/wp-content\/docs\/cwge24msen.pdf\"><img loading=\"lazy\" decoding=\"async\" class=\"aligncenter size-full wp-image-260\" src=\"http:\/\/fssl.ru\/wp-content\/uploads\/pdf1.jpg\" alt=\"pdf1\" width=\"20\" height=\"20\" \/><\/a><\/td>\n<\/tr>\n<tr>\n<td>\u00a0<img loading=\"lazy\" decoding=\"async\" class=\"aligncenter size-full wp-image-5115\" src=\"http:\/\/fssl.ru\/wp-content\/uploads\/cwge26fx2tx24mspoe.png\" alt=\"cwge26fx2tx24mspoe\" width=\"150\" height=\"50\" \/><\/td>\n<td style=\"text-align: left;\"><strong>\u041a\u043e\u043c\u043c\u0443\u0442\u0430\u0442\u043e\u0440 ComNet CWGE26FX2TX24MSPoE<\/strong><\/p>\n<p>&nbsp;<\/p>\n<p>(22) 10\/100\/1000 BASE-T(X) + (2) Gigabit Combo Ports + (2) 100\/1000 BASE-FX with Power over Ethernet (PoE+)<\/td>\n<td>\u00a0<a href=\"\/wp-content\/docs\/cwge26fx2tx24mspoeen.pdf\"><img loading=\"lazy\" decoding=\"async\" class=\"aligncenter size-full wp-image-260\" src=\"http:\/\/fssl.ru\/wp-content\/uploads\/pdf1.jpg\" alt=\"pdf1\" width=\"20\" height=\"20\" \/><\/a><\/td>\n<\/tr>\n<tr>\n<td>\u00a0<img loading=\"lazy\" decoding=\"async\" class=\"aligncenter size-full wp-image-5117\" src=\"http:\/\/fssl.ru\/wp-content\/uploads\/cwge28fx4tx24ms.png\" alt=\"cwge28fx4tx24ms\" width=\"150\" height=\"50\" \/><\/td>\n<td style=\"text-align: left;\"><strong>\u041a\u043e\u043c\u043c\u0443\u0442\u0430\u0442\u043e\u0440 ComNet CWGE28FX4TX24MS<\/strong><\/p>\n<p>&nbsp;<\/p>\n<p>(24) 10\/100\/1000 BASE-TX + (4) 1000BASE-FX Managed Ethernet Switch<\/td>\n<td>\u00a0<a href=\"\/wp-content\/docs\/cwge28fx4tx24msen.pdf\"><img loading=\"lazy\" decoding=\"async\" class=\"aligncenter size-full wp-image-260\" src=\"http:\/\/fssl.ru\/wp-content\/uploads\/pdf1.jpg\" alt=\"pdf1\" width=\"20\" height=\"20\" \/><\/a><\/td>\n<\/tr>\n<tr>\n<td>\u00a0<img loading=\"lazy\" decoding=\"async\" class=\"aligncenter size-full wp-image-5118\" src=\"http:\/\/fssl.ru\/wp-content\/uploads\/cwge2fe24mod_8sfp.png\" alt=\"CWGE2FE24MODMS\/Chassis\" width=\"150\" height=\"55\" \/><\/td>\n<td style=\"text-align: left;\"><strong>\u041a\u043e\u043c\u043c\u0443\u0442\u0430\u0442\u043e\u0440 ComNet\u00a0CWGE2FE24MODMS\/Chassis<\/strong><\/p>\n<p>&nbsp;<\/p>\n<p>Modular 26 Port Managed Ethernet Switch with Up To 24-port 10\/100T(X) or 100FX and 2-port 10\/100\/1000T(X) or 1000FX<\/td>\n<td>\u00a0<a href=\"\/wp-content\/docs\/cwge2fe24mod-8sfpen.pdf\"><img loading=\"lazy\" decoding=\"async\" class=\"aligncenter size-full wp-image-260\" src=\"http:\/\/fssl.ru\/wp-content\/uploads\/pdf1.jpg\" alt=\"pdf1\" width=\"20\" height=\"20\" \/><\/a><\/td>\n<\/tr>\n<tr>\n<td>\u00a0<img loading=\"lazy\" decoding=\"async\" class=\"aligncenter size-full wp-image-5118\" src=\"http:\/\/fssl.ru\/wp-content\/uploads\/cwge2fe24mod_8sfp.png\" alt=\"CWGE2FE24MOD\/8TX\" width=\"150\" height=\"55\" \/><\/td>\n<td style=\"text-align: left;\"><strong>\u041a\u043e\u043c\u043c\u0443\u0442\u0430\u0442\u043e\u0440 ComNet CWGE2FE24MOD\/8TX<\/strong><\/p>\n<p>&nbsp;<\/p>\n<p>Modular 26 Port Managed Ethernet Switch with Up To 24-port 10\/100T(X) or 100FX and 2-port 10\/100\/1000T(X) or 1000FX<\/td>\n<td>\u00a0<a href=\"\/wp-content\/docs\/cwge2fe24mod-8sfpen.pdf\"><img loading=\"lazy\" decoding=\"async\" class=\"aligncenter size-full wp-image-260\" src=\"http:\/\/fssl.ru\/wp-content\/uploads\/pdf1.jpg\" alt=\"pdf1\" width=\"20\" height=\"20\" \/><\/a><\/td>\n<\/tr>\n<tr>\n<td>\u00a0<img loading=\"lazy\" decoding=\"async\" class=\"aligncenter size-full wp-image-5118\" src=\"http:\/\/fssl.ru\/wp-content\/uploads\/cwge2fe24mod_8sfp.png\" alt=\"CWGE2FE24MOD\/8SFP\" width=\"150\" height=\"55\" \/><\/td>\n<td style=\"text-align: left;\"><strong>\u041a\u043e\u043c\u043c\u0443\u0442\u0430\u0442\u043e\u0440 ComNet CWGE2FE24MOD\/8SFP<\/strong><\/p>\n<p>&nbsp;<\/p>\n<p>Modular 26 Port Managed Ethernet Switch with Up To 24-port 10\/100T(X) or 100FX and 2-port 10\/100\/1000T(X) or 1000FX<\/td>\n<td>\u00a0<a href=\"\/wp-content\/docs\/cwge2fe24mod-8sfpen.pdf\"><img loading=\"lazy\" decoding=\"async\" class=\"aligncenter size-full wp-image-260\" src=\"http:\/\/fssl.ru\/wp-content\/uploads\/pdf1.jpg\" alt=\"pdf1\" width=\"20\" height=\"20\" \/><\/a><\/td>\n<\/tr>\n<tr>\n<td>\u00a0<img loading=\"lazy\" decoding=\"async\" class=\"aligncenter size-full wp-image-5119\" src=\"http:\/\/fssl.ru\/wp-content\/uploads\/cwge2fe8mspoe.png\" alt=\"cwge2fe8mspoe\" width=\"150\" height=\"51\" \/><\/td>\n<td style=\"text-align: left;\"><strong>\u041a\u043e\u043c\u043c\u0443\u0442\u0430\u0442\u043e\u0440 ComNet CWGE2FE8MSPOE<\/strong><\/p>\n<p>&nbsp;<\/p>\n<p>(8) 10\/100TX Power Over Ethernet (PoE+) Ports + (2) 10\/100\/1000TX or 1000FX SFP Ports<\/td>\n<td>\u00a0<a href=\"\/wp-content\/docs\/cwge2fe8mspoeen.pdf\"><img loading=\"lazy\" decoding=\"async\" class=\"aligncenter wp-image-260 size-full\" src=\"http:\/\/fssl.ru\/wp-content\/uploads\/pdf1.jpg\" alt=\"pdf1\" width=\"20\" height=\"20\" \/><\/a><\/td>\n<\/tr>\n<tr>\n<td>\u00a0<img loading=\"lazy\" decoding=\"async\" class=\"aligncenter size-full wp-image-5120\" src=\"http:\/\/fssl.ru\/wp-content\/uploads\/cwge9ms.png\" alt=\"cwge9ms\" width=\"150\" height=\"57\" \/><\/td>\n<td style=\"text-align: left;\"><strong>\u041a\u043e\u043c\u043c\u0443\u0442\u0430\u0442\u043e\u0440 ComNet CWGE9MS<\/strong><\/p>\n<p>&nbsp;<\/p>\n<p>Commercial Grade 9 Port Gigabit Managed Ethernet Switch with (7) 10\/100\/1000TX + (2) Gigabit Combo SFP* Ports<\/td>\n<td>\u00a0<a href=\"\/wp-content\/docs\/cwge9msen.pdf\"><img loading=\"lazy\" decoding=\"async\" class=\"aligncenter size-full wp-image-260\" src=\"http:\/\/fssl.ru\/wp-content\/uploads\/pdf1.jpg\" alt=\"pdf1\" width=\"20\" height=\"20\" \/><\/a><\/td>\n<\/tr>\n<tr>\n<td><img loading=\"lazy\" decoding=\"async\" class=\"aligncenter size-full wp-image-5214\" src=\"http:\/\/fssl.ru\/wp-content\/uploads\/cnfe3fx1tx2cx.png\" alt=\"cnfe3fx1tx2cx\" width=\"250\" height=\"250\" srcset=\"http:\/\/fssl.ru\/wp-content\/uploads\/cnfe3fx1tx2cx.png 250w, http:\/\/fssl.ru\/wp-content\/uploads\/cnfe3fx1tx2cx-150x150.png 150w, http:\/\/fssl.ru\/wp-content\/uploads\/cnfe3fx1tx2cx-144x144.png 144w\" sizes=\"auto, (max-width: 250px) 100vw, 250px\" \/><\/td>\n<td style=\"text-align: left;\"><strong>\u041a\u043e\u043c\u043c\u0443\u0442\u0430\u0442\u043e\u0440 ComNet CNFE3FX1TX2C[\/M] Series<\/strong><\/p>\n<p>&nbsp;<\/p>\n<p>Industrially Hardened 10\/100 Mbps 3 Port Intelligent Ethernet Switch With Integrated Contact Closure Server<\/td>\n<td><a href=\"\/wp-content\/docs\/cnfe3fx1tx2cxen.pdf\"><img loading=\"lazy\" decoding=\"async\" class=\"aligncenter size-full wp-image-260\" src=\"http:\/\/fssl.ru\/wp-content\/uploads\/pdf1.jpg\" alt=\"pdf1\" width=\"20\" height=\"20\" \/><\/a><\/td>\n<\/tr>\n<tr>\n<td><img loading=\"lazy\" decoding=\"async\" class=\"aligncenter size-full wp-image-5215\" src=\"http:\/\/fssl.ru\/wp-content\/uploads\/cnfe3tx2cxms.png\" alt=\"cnfe3tx2cxms\" width=\"250\" height=\"250\" srcset=\"http:\/\/fssl.ru\/wp-content\/uploads\/cnfe3tx2cxms.png 250w, http:\/\/fssl.ru\/wp-content\/uploads\/cnfe3tx2cxms-150x150.png 150w, http:\/\/fssl.ru\/wp-content\/uploads\/cnfe3tx2cxms-144x144.png 144w\" sizes=\"auto, (max-width: 250px) 100vw, 250px\" \/><\/td>\n<td style=\"text-align: left;\"><strong>\u041a\u043e\u043c\u043c\u0443\u0442\u0430\u0442\u043e\u0440 ComNet\u00a0CNFE3TX2CXMS Series<\/strong><\/p>\n<p>&nbsp;<\/p>\n<p>4G LTE Cellular VPN Gateway<\/td>\n<td><a href=\"\/wp-content\/docs\/cnfe3tx2cxmsen.pdf\"><img loading=\"lazy\" decoding=\"async\" class=\"aligncenter size-full wp-image-260\" src=\"http:\/\/fssl.ru\/wp-content\/uploads\/pdf1.jpg\" alt=\"pdf1\" width=\"20\" height=\"20\" \/><\/a><\/td>\n<\/tr>\n<tr>\n<td><img loading=\"lazy\" decoding=\"async\" class=\"aligncenter size-full wp-image-5216\" src=\"http:\/\/fssl.ru\/wp-content\/uploads\/cnge11fx3tx8ms-1.png\" alt=\"cnge11fx3tx8ms\" width=\"250\" height=\"250\" srcset=\"http:\/\/fssl.ru\/wp-content\/uploads\/cnge11fx3tx8ms-1.png 250w, http:\/\/fssl.ru\/wp-content\/uploads\/cnge11fx3tx8ms-1-150x150.png 150w, http:\/\/fssl.ru\/wp-content\/uploads\/cnge11fx3tx8ms-1-144x144.png 144w\" sizes=\"auto, (max-width: 250px) 100vw, 250px\" \/><\/td>\n<td style=\"text-align: left;\"><strong>\u041a\u043e\u043c\u043c\u0443\u0442\u0430\u0442\u043e\u0440 ComNet\u00a0CNGE11FX3TX8MS Series<\/strong><\/p>\n<p>&nbsp;<\/p>\n<p>Environmentally Hardened Managed Ethernet Switch 3 SFP* + 8 Electrical Ports with Optional 30 or 60 Watt PoE<\/td>\n<td><a href=\"\/wp-content\/docs\/cnge11fx3tx8msen.pdf\"><img loading=\"lazy\" decoding=\"async\" class=\"aligncenter size-full wp-image-260\" src=\"http:\/\/fssl.ru\/wp-content\/uploads\/pdf1.jpg\" alt=\"pdf1\" width=\"20\" height=\"20\" \/><\/a><\/td>\n<\/tr>\n<tr>\n<td><img loading=\"lazy\" decoding=\"async\" class=\"aligncenter size-full wp-image-5217\" src=\"http:\/\/fssl.ru\/wp-content\/uploads\/cnge12fx4ts8mspoe.png\" alt=\"cnge12fx4ts8mspoe\" width=\"250\" height=\"250\" srcset=\"http:\/\/fssl.ru\/wp-content\/uploads\/cnge12fx4ts8mspoe.png 250w, http:\/\/fssl.ru\/wp-content\/uploads\/cnge12fx4ts8mspoe-150x150.png 150w, http:\/\/fssl.ru\/wp-content\/uploads\/cnge12fx4ts8mspoe-144x144.png 144w\" sizes=\"auto, (max-width: 250px) 100vw, 250px\" \/><\/td>\n<td style=\"text-align: left;\"><strong>\u041a\u043e\u043c\u043c\u0443\u0442\u0430\u0442\u043e\u0440 ComNet\u00a0CNGE12FX4TX8MSPOE<\/strong><\/p>\n<p>&nbsp;<\/p>\n<p>Layer 2 Managed Ethernet PoE Switch<\/td>\n<td><a href=\"\/wp-content\/docs\/cnge12fx4tx8mspoeen.pdf\"><img loading=\"lazy\" decoding=\"async\" class=\"aligncenter size-full wp-image-260\" src=\"http:\/\/fssl.ru\/wp-content\/uploads\/pdf1.jpg\" alt=\"pdf1\" width=\"20\" height=\"20\" \/><\/a><\/td>\n<\/tr>\n<tr>\n<td><img loading=\"lazy\" decoding=\"async\" class=\"aligncenter size-full wp-image-5219\" src=\"http:\/\/fssl.ru\/wp-content\/uploads\/cnge12fx4tx8ms.png\" alt=\"cnge12fx4tx8ms\" width=\"250\" height=\"250\" srcset=\"http:\/\/fssl.ru\/wp-content\/uploads\/cnge12fx4tx8ms.png 250w, http:\/\/fssl.ru\/wp-content\/uploads\/cnge12fx4tx8ms-150x150.png 150w, http:\/\/fssl.ru\/wp-content\/uploads\/cnge12fx4tx8ms-144x144.png 144w\" sizes=\"auto, (max-width: 250px) 100vw, 250px\" \/><\/td>\n<td style=\"text-align: left;\"><strong>\u041a\u043e\u043c\u043c\u0443\u0442\u0430\u0442\u043e\u0440 ComNet\u00a0CNGE12FX4TX8MSPOE\/TS<\/strong><\/p>\n<p>&nbsp;<\/p>\n<p>Traffic Detector Rack Industrially Hardened Managed Switch with (8) 10\/100\/1000Base-TX &amp; (4) 100\/1000Base-FX Ports &amp; PoE+<\/td>\n<td><a href=\"\/wp-content\/docs\/cnge12fx4tx8mspoetsen.pdf\"><img loading=\"lazy\" decoding=\"async\" class=\"aligncenter size-full wp-image-260\" src=\"http:\/\/fssl.ru\/wp-content\/uploads\/pdf1.jpg\" alt=\"pdf1\" width=\"20\" height=\"20\" \/><\/a><\/td>\n<\/tr>\n<tr>\n<td><img loading=\"lazy\" decoding=\"async\" class=\"aligncenter size-full wp-image-5219\" src=\"http:\/\/fssl.ru\/wp-content\/uploads\/cnge12fx4tx8ms.png\" alt=\"cnge12fx4tx8ms\" width=\"250\" height=\"250\" srcset=\"http:\/\/fssl.ru\/wp-content\/uploads\/cnge12fx4tx8ms.png 250w, http:\/\/fssl.ru\/wp-content\/uploads\/cnge12fx4tx8ms-150x150.png 150w, http:\/\/fssl.ru\/wp-content\/uploads\/cnge12fx4tx8ms-144x144.png 144w\" sizes=\"auto, (max-width: 250px) 100vw, 250px\" \/><\/td>\n<td style=\"text-align: left;\"><strong>\u041a\u043e\u043c\u043c\u0443\u0442\u0430\u0442\u043e\u0440 ComNet\u00a0CNGE12FX4TX8MS[POE]\/TSK Complete Kit<\/strong><\/p>\n<p>&nbsp;<\/p>\n<p>Traffic Detector Rack Industrially Hardened Managed Switch Kit with (8) 10\/100\/1000Base-TX &amp; (4) 100\/1000Base-FX Ports &amp; Optional PoE+<\/td>\n<td><a href=\"\/wp-content\/docs\/cnge12fx4tx8mspoetsken.pdf\"><img loading=\"lazy\" decoding=\"async\" class=\"aligncenter size-full wp-image-260\" src=\"http:\/\/fssl.ru\/wp-content\/uploads\/pdf1.jpg\" alt=\"pdf1\" width=\"20\" height=\"20\" \/><\/a><\/td>\n<\/tr>\n<tr>\n<td><img loading=\"lazy\" decoding=\"async\" class=\"aligncenter size-full wp-image-5220\" src=\"http:\/\/fssl.ru\/wp-content\/uploads\/cnge20fx4tx16ms.png\" alt=\"cnge20fx4tx16ms\" width=\"250\" height=\"250\" srcset=\"http:\/\/fssl.ru\/wp-content\/uploads\/cnge20fx4tx16ms.png 250w, http:\/\/fssl.ru\/wp-content\/uploads\/cnge20fx4tx16ms-150x150.png 150w, http:\/\/fssl.ru\/wp-content\/uploads\/cnge20fx4tx16ms-144x144.png 144w\" sizes=\"auto, (max-width: 250px) 100vw, 250px\" \/><\/td>\n<td style=\"text-align: left;\"><strong>\u041a\u043e\u043c\u043c\u0443\u0442\u0430\u0442\u043e\u0440 ComNet\u00a0CNGE20FX4TX16MS<\/strong><\/p>\n<p>&nbsp;<\/p>\n<p>All Gigabit Managed Ethernet Switch with (16) 10\/100\/1000TX + (4) 100\/1000FX SFP* Ports<\/td>\n<td><a href=\"\/wp-content\/docs\/cnge20fx4tx16msen.pdf\"><img loading=\"lazy\" decoding=\"async\" class=\"aligncenter size-full wp-image-260\" src=\"http:\/\/fssl.ru\/wp-content\/uploads\/pdf1.jpg\" alt=\"pdf1\" width=\"20\" height=\"20\" \/><\/a><\/td>\n<\/tr>\n<tr>\n<td><img loading=\"lazy\" decoding=\"async\" class=\"aligncenter size-full wp-image-5221\" src=\"http:\/\/fssl.ru\/wp-content\/uploads\/cnge24ms2.png\" alt=\"cnge24ms2\" width=\"250\" height=\"250\" srcset=\"http:\/\/fssl.ru\/wp-content\/uploads\/cnge24ms2.png 250w, http:\/\/fssl.ru\/wp-content\/uploads\/cnge24ms2-150x150.png 150w, http:\/\/fssl.ru\/wp-content\/uploads\/cnge24ms2-144x144.png 144w\" sizes=\"auto, (max-width: 250px) 100vw, 250px\" \/><\/td>\n<td style=\"text-align: left;\"><strong>\u041a\u043e\u043c\u043c\u0443\u0442\u0430\u0442\u043e\u0440 ComNet\u00a0CNGE24MS2<\/strong><\/p>\n<p>&nbsp;<\/p>\n<p>Environmentally Hardened Managed Ethernet Switch with (8) 100\/1000Base-FX &amp; (16) 100\/1000Base-X SFP Combo Ports<\/td>\n<td><a href=\"\/wp-content\/docs\/cnge24ms2en.pdf\"><img loading=\"lazy\" decoding=\"async\" class=\"aligncenter size-full wp-image-260\" src=\"http:\/\/fssl.ru\/wp-content\/uploads\/pdf1.jpg\" alt=\"pdf1\" width=\"20\" height=\"20\" \/><\/a><\/td>\n<\/tr>\n<tr>\n<td><img loading=\"lazy\" decoding=\"async\" class=\"aligncenter size-full wp-image-5222\" src=\"http:\/\/fssl.ru\/wp-content\/uploads\/cnge24mss2-ob.png\" alt=\"cnge24mss2-ob\" width=\"250\" height=\"250\" srcset=\"http:\/\/fssl.ru\/wp-content\/uploads\/cnge24mss2-ob.png 250w, http:\/\/fssl.ru\/wp-content\/uploads\/cnge24mss2-ob-150x150.png 150w, http:\/\/fssl.ru\/wp-content\/uploads\/cnge24mss2-ob-144x144.png 144w\" sizes=\"auto, (max-width: 250px) 100vw, 250px\" \/><\/td>\n<td style=\"text-align: left;\"><strong>\u041a\u043e\u043c\u043c\u0443\u0442\u0430\u0442\u043e\u0440 ComNet\u00a0CNGE24MSS2-OB<\/strong><\/p>\n<p>&nbsp;<\/p>\n<p>Industrial 24-port All Gigabit Managed Ethernet Switch with 16 TX ports and 8 SFP Ports plus Optical Bypass<\/td>\n<td><a href=\"\/wp-content\/docs\/cnge24mss2-oben.pdf\"><img loading=\"lazy\" decoding=\"async\" class=\"aligncenter size-full wp-image-260\" src=\"http:\/\/fssl.ru\/wp-content\/uploads\/pdf1.jpg\" alt=\"pdf1\" width=\"20\" height=\"20\" \/><\/a><\/td>\n<\/tr>\n<tr>\n<td><img loading=\"lazy\" decoding=\"async\" class=\"aligncenter size-full wp-image-5223\" src=\"http:\/\/fssl.ru\/wp-content\/uploads\/cnxe2ge2tx8mspoe.png\" alt=\"cnxe2ge2tx8mspoe\" width=\"250\" height=\"250\" srcset=\"http:\/\/fssl.ru\/wp-content\/uploads\/cnxe2ge2tx8mspoe.png 250w, http:\/\/fssl.ru\/wp-content\/uploads\/cnxe2ge2tx8mspoe-150x150.png 150w, http:\/\/fssl.ru\/wp-content\/uploads\/cnxe2ge2tx8mspoe-144x144.png 144w\" sizes=\"auto, (max-width: 250px) 100vw, 250px\" \/><\/td>\n<td style=\"text-align: left;\"><strong>\u041a\u043e\u043c\u043c\u0443\u0442\u0430\u0442\u043e\u0440 ComNet\u00a0CNXE2GE2TX8MSPOE<\/strong><\/p>\n<p>&nbsp;<\/p>\n<p>Industrially Hardened High Speed 12-port Managed PoE Ethernet Switch 8 \u00d7 GE PSE + 2 \u00d7 2.5GE SFP + 2 \u00d7 10GE SFP+ Ports<\/td>\n<td><a href=\"\/wp-content\/docs\/cnxe2ge2tx8mspoeen.pdf\"><img loading=\"lazy\" decoding=\"async\" class=\"aligncenter size-full wp-image-260\" src=\"http:\/\/fssl.ru\/wp-content\/uploads\/pdf1.jpg\" alt=\"pdf1\" width=\"20\" height=\"20\" \/><\/a><\/td>\n<\/tr>\n<tr>\n<td><img loading=\"lazy\" decoding=\"async\" class=\"aligncenter size-full wp-image-5224\" src=\"http:\/\/fssl.ru\/wp-content\/uploads\/cts24_2poeho.png\" alt=\"cts24_2poeho\" width=\"250\" height=\"250\" srcset=\"http:\/\/fssl.ru\/wp-content\/uploads\/cts24_2poeho.png 250w, http:\/\/fssl.ru\/wp-content\/uploads\/cts24_2poeho-150x150.png 150w, http:\/\/fssl.ru\/wp-content\/uploads\/cts24_2poeho-144x144.png 144w\" sizes=\"auto, (max-width: 250px) 100vw, 250px\" \/><\/td>\n<td style=\"text-align: left;\"><strong>\u041a\u043e\u043c\u043c\u0443\u0442\u0430\u0442\u043e\u0440 ComNet\u00a0CTS24+2 Series<\/strong><\/p>\n<p>&nbsp;<\/p>\n<p>CTS\u2122 24-Port Commercial Grade Modular Ethernet Managed Switch<\/td>\n<td><a href=\"\/wp-content\/docs\/cts24_2_poe_hoen.pdf\"><img loading=\"lazy\" decoding=\"async\" class=\"aligncenter size-full wp-image-260\" src=\"http:\/\/fssl.ru\/wp-content\/uploads\/pdf1.jpg\" alt=\"pdf1\" width=\"20\" height=\"20\" \/><\/a><\/td>\n<\/tr>\n<tr>\n<td><img loading=\"lazy\" decoding=\"async\" class=\"aligncenter size-full wp-image-5225\" src=\"http:\/\/fssl.ru\/wp-content\/uploads\/cwge28ms.jpg\" alt=\"cwge28ms\" width=\"250\" height=\"250\" srcset=\"http:\/\/fssl.ru\/wp-content\/uploads\/cwge28ms.jpg 250w, http:\/\/fssl.ru\/wp-content\/uploads\/cwge28ms-150x150.jpg 150w, http:\/\/fssl.ru\/wp-content\/uploads\/cwge28ms-144x144.jpg 144w\" sizes=\"auto, (max-width: 250px) 100vw, 250px\" \/><\/td>\n<td style=\"text-align: left;\"><strong>\u041a\u043e\u043c\u043c\u0443\u0442\u0430\u0442\u043e\u0440 ComNet\u00a0CWGE28MS<\/strong><\/p>\n<p>&nbsp;<\/p>\n<p>Commercial Grade Managed Layer 2+ Ethernet Switch with 20 \u00d7 100\/1000Base-FX SFP + 4 \u00d7 Gbps Combo + 4 \u00d7 1000BASE-FX SFP Ports<\/td>\n<td><a href=\"\/wp-content\/docs\/cwge28msen.pdf\"><img loading=\"lazy\" decoding=\"async\" class=\"aligncenter size-full wp-image-260\" src=\"http:\/\/fssl.ru\/wp-content\/uploads\/pdf1.jpg\" alt=\"pdf1\" width=\"20\" height=\"20\" \/><\/a><\/td>\n<\/tr>\n<\/tbody>\n<\/table>\n","protected":false},"excerpt":{"rendered":"<p>\u041a\u043e\u043c\u043c\u0443\u0442\u0430\u0442\u043e\u0440 ComNet CWFE8MS\/DIN &nbsp; Industrial Grade Managed Ethernet Switch with (8) 10\/100TX ports \u00a0 \u041a\u043e\u043c\u043c\u0443\u0442\u0430\u0442\u043e\u0440 ComNet CWFE8TX8MS &nbsp; Commercial Grade 8 Port Managed Ethernet Switch with (8) 10\/100TX Ports \u00a0 \u00a0 \u041a\u043e\u043c\u043c\u0443\u0442\u0430\u0442\u043e\u0440 ComNet CWGE24MODMS\/Chassis &nbsp; Modular 24 Port Gigabit Managed Ethernet Switch \u00a0 \u00a0 \u041a\u043e\u043c\u043c\u0443\u0442\u0430\u0442\u043e\u0440 ComNet CWGE24MOD\/8TX &nbsp; Modular 24 Port Gigabit Managed Ethernet Switch [&hellip;]<\/p>\n","protected":false},"author":2,"featured_media":0,"parent":5048,"menu_order":2,"comment_status":"closed","ping_status":"closed","template":"","meta":{"footnotes":""},"class_list":["post-5098","page","type-page","status-publish","hentry"],"_links":{"self":[{"href":"http:\/\/fssl.ru\/index.php\/wp-json\/wp\/v2\/pages\/5098","targetHints":{"allow":["GET"]}}],"collection":[{"href":"http:\/\/fssl.ru\/index.php\/wp-json\/wp\/v2\/pages"}],"about":[{"href":"http:\/\/fssl.ru\/index.php\/wp-json\/wp\/v2\/types\/page"}],"author":[{"embeddable":true,"href":"http:\/\/fssl.ru\/index.php\/wp-json\/wp\/v2\/users\/2"}],"replies":[{"embeddable":true,"href":"http:\/\/fssl.ru\/index.php\/wp-json\/wp\/v2\/comments?post=5098"}],"version-history":[{"count":16,"href":"http:\/\/fssl.ru\/index.php\/wp-json\/wp\/v2\/pages\/5098\/revisions"}],"predecessor-version":[{"id":5226,"href":"http:\/\/fssl.ru\/index.php\/wp-json\/wp\/v2\/pages\/5098\/revisions\/5226"}],"up":[{"embeddable":true,"href":"http:\/\/fssl.ru\/index.php\/wp-json\/wp\/v2\/pages\/5048"}],"wp:attachment":[{"href":"http:\/\/fssl.ru\/index.php\/wp-json\/wp\/v2\/media?parent=5098"}],"curies":[{"name":"wp","href":"https:\/\/api.w.org\/{rel}","templated":true}]}}